{"id":299,"date":"2023-09-25T09:53:40","date_gmt":"2023-09-25T09:53:40","guid":{"rendered":"https:\/\/thu-staging.onyx-sites.io\/?page_id=299"},"modified":"2024-01-04T20:23:13","modified_gmt":"2024-01-04T20:23:13","slug":"events","status":"publish","type":"page","link":"https:\/\/theholdup.org\/cy\/events\/","title":{"rendered":"Digwyddiadau"},"content":{"rendered":"<div class=\"wp-block-group alignfull events-hero is-layout-constrained wp-block-group-is-layout-constrained\" style=\"min-height:100vh\">\n<div class=\"wp-block-columns alignwide is-layout-flex wp-container-core-columns-is-layout-ce0ac1a6 wp-block-columns-is-layout-flex\" style=\"padding-top:5rem\">\n<div class=\"wp-block-column is-vertically-aligned-center separator-column is-layout-flow wp-block-column-is-layout-flow\">\n<div class=\"wp-block-group is-style-center-underline is-layout-constrained wp-block-group-is-layout-constrained\">\n<h1 class=\"wp-block-heading is-style-has-underline\">Digwyddiadau<\/h1>\n\n\n\n<figure class=\"wp-block-image aligncenter size-large is-resized\"><img loading=\"lazy\" decoding=\"async\" width=\"79\" height=\"21\" src=\"https:\/\/theholdup.org\/wp-content\/uploads\/2023\/09\/Layer_1-9.svg\" alt=\"\" class=\"wp-image-619\" style=\"width:200px;height:undefinedpx\"\/><\/figure>\n<\/div>\n\n\n\n<p class=\"is-style-emphasis\">Rydym yn credu yng ngrym Hip-Hop i ddod \u00e2 phobl ynghyd. O seiffrwyr meic agored a jamiau graffiti i gigs byw a pherfformiadau g\u0175yl, mae ein digwyddiadau yn cael eu trwytho \u00e2 hanfod diwylliant Hip-Hop gan y rhai sy\u2019n ei garu ac yn ei fyw.<\/p>\n\n\n\n<p>Yr un yw ein nod o hyd: lledaenu heddwch a chariad wrth gael amser da, mewn gwir ffasiwn Hip-Hop.<\/p>\n\n\n\n<hr class=\"wp-block-separator has-text-color has-primary-red-color has-alpha-channel-opacity has-primary-red-background-color has-background is-style-wide\"\/>\n<\/div>\n\n\n\n<div class=\"wp-block-column is-vertically-aligned-center is-layout-flow wp-block-column-is-layout-flow\">\n<figure class=\"wp-block-image size-full is-style-hero-image\"><img loading=\"lazy\" decoding=\"async\" width=\"732\" height=\"598\" src=\"https:\/\/theholdup.org\/wp-content\/uploads\/2023\/09\/events-hero.png\" alt=\"\" class=\"wp-image-715\" srcset=\"https:\/\/theholdup.org\/wp-content\/uploads\/2023\/09\/events-hero.png 732w, https:\/\/theholdup.org\/wp-content\/uploads\/2023\/09\/events-hero-300x245.png 300w\" sizes=\"auto, (max-width: 732px) 100vw, 732px\" \/><\/figure>\n\n\n\n<figure class=\"wp-block-image size-large is-style-hero-image\"><img loading=\"lazy\" decoding=\"async\" width=\"381\" height=\"431\" src=\"https:\/\/theholdup.org\/wp-content\/uploads\/2023\/09\/events-peace-sign.svg\" alt=\"\" class=\"wp-image-757\"\/><\/figure>\n<\/div>\n<\/div>\n<\/div>\n\n\n\n<div class=\"wp-block-group alignfull has-black-background-color has-background is-layout-constrained wp-block-group-is-layout-constrained\">\n<div class=\"wp-block-query alignwide events-query is-layout-flow wp-block-query-is-layout-flow\"><div class=\"wp-block-query-no-results\">\n\n<div class=\"wp-block-group is-layout-constrained wp-block-group-is-layout-constrained\">\n<div class=\"wp-block-group is-layout-constrained wp-block-group-is-layout-constrained\">\n<h4 class=\"wp-block-heading has-text-align-center is-style-has-underline has-white-color has-text-color\">Nid oes gennym unrhyw ddigwyddiadau ymlaen ar hyn o bryd<\/h4>\n\n\n\n<figure class=\"wp-block-image aligncenter size-large is-resized\"><img loading=\"lazy\" decoding=\"async\" width=\"44\" height=\"21\" src=\"https:\/\/theholdup.org\/wp-content\/uploads\/2023\/09\/Layer_1-2.svg\" alt=\"\" class=\"wp-image-425\" style=\"width:100px;height:undefinedpx\"\/><\/figure>\n\n\n\n<p class=\"has-text-align-center has-white-color has-text-color\">Diddordeb yn ein digwyddiadau yn y dyfodol? Dilynwch ein rhaglenni cymdeithasol i gael eich rhybuddio pryd bynnag y byddwn yn rhoi rhywbeth ymlaen!<\/p>\n\n\n\n<ul class=\"wp-block-social-links has-visible-labels has-icon-background-color is-content-justification-center is-layout-flex wp-container-core-social-links-is-layout-16018d1d wp-block-social-links-is-layout-flex\"><li style=\"background-color: #000000; \" class=\"wp-social-link wp-social-link-instagram has-black-background-color wp-block-social-link\"><a rel=\"noopener nofollow\" target=\"_blank\" href=\"https:\/\/www.instagram.com\/the_hold_up\/\" class=\"wp-block-social-link-anchor\"><svg width=\"24\" height=\"24\" viewbox=\"0 0 24 24\" version=\"1.1\" xmlns=\"http:\/\/www.w3.org\/2000\/svg\" aria-hidden=\"true\" focusable=\"false\"><path d=\"M12,4.622c2.403,0,2.688,0.009,3.637,0.052c0.877,0.04,1.354,0.187,1.671,0.31c0.42,0.163,0.72,0.358,1.035,0.673 c0.315,0.315,0.51,0.615,0.673,1.035c0.123,0.317,0.27,0.794,0.31,1.671c0.043,0.949,0.052,1.234,0.052,3.637 s-0.009,2.688-0.052,3.637c-0.04,0.877-0.187,1.354-0.31,1.671c-0.163,0.42-0.358,0.72-0.673,1.035 c-0.315,0.315-0.615,0.51-1.035,0.673c-0.317,0.123-0.794,0.27-1.671,0.31c-0.949,0.043-1.233,0.052-3.637,0.052 s-2.688-0.009-3.637-0.052c-0.877-0.04-1.354-0.187-1.671-0.31c-0.42-0.163-0.72-0.358-1.035-0.673 c-0.315-0.315-0.51-0.615-0.673-1.035c-0.123-0.317-0.27-0.794-0.31-1.671C4.631,14.688,4.622,14.403,4.622,12 s0.009-2.688,0.052-3.637c0.04-0.877,0.187-1.354,0.31-1.671c0.163-0.42,0.358-0.72,0.673-1.035 c0.315-0.315,0.615-0.51,1.035-0.673c0.317-0.123,0.794-0.27,1.671-0.31C9.312,4.631,9.597,4.622,12,4.622 M12,3 C9.556,3,9.249,3.01,8.289,3.054C7.331,3.098,6.677,3.25,6.105,3.472C5.513,3.702,5.011,4.01,4.511,4.511 c-0.5,0.5-0.808,1.002-1.038,1.594C3.25,6.677,3.098,7.331,3.054,8.289C3.01,9.249,3,9.556,3,12c0,2.444,0.01,2.751,0.054,3.711 c0.044,0.958,0.196,1.612,0.418,2.185c0.23,0.592,0.538,1.094,1.038,1.594c0.5,0.5,1.002,0.808,1.594,1.038 c0.572,0.222,1.227,0.375,2.185,0.418C9.249,20.99,9.556,21,12,21s2.751-0.01,3.711-0.054c0.958-0.044,1.612-0.196,2.185-0.418 c0.592-0.23,1.094-0.538,1.594-1.038c0.5-0.5,0.808-1.002,1.038-1.594c0.222-0.572,0.375-1.227,0.418-2.185 C20.99,14.751,21,14.444,21,12s-0.01-2.751-0.054-3.711c-0.044-0.958-0.196-1.612-0.418-2.185c-0.23-0.592-0.538-1.094-1.038-1.594 c-0.5-0.5-1.002-0.808-1.594-1.038c-0.572-0.222-1.227-0.375-2.185-0.418C14.751,3.01,14.444,3,12,3L12,3z M12,7.378 c-2.552,0-4.622,2.069-4.622,4.622S9.448,16.622,12,16.622s4.622-2.069,4.622-4.622S14.552,7.378,12,7.378z M12,15 c-1.657,0-3-1.343-3-3s1.343-3,3-3s3,1.343,3,3S13.657,15,12,15z M16.804,6.116c-0.596,0-1.08,0.484-1.08,1.08 s0.484,1.08,1.08,1.08c0.596,0,1.08-0.484,1.08-1.08S17.401,6.116,16.804,6.116z\"><\/path><\/svg><span class=\"wp-block-social-link-label\">Instagram<\/span><\/a><\/li>\n\n<li style=\"background-color: #000000; \" class=\"wp-social-link wp-social-link-facebook has-black-background-color wp-block-social-link\"><a rel=\"noopener nofollow\" target=\"_blank\" href=\"https:\/\/www.facebook.com\/thaholdup\/\" class=\"wp-block-social-link-anchor\"><svg width=\"24\" height=\"24\" viewbox=\"0 0 24 24\" version=\"1.1\" xmlns=\"http:\/\/www.w3.org\/2000\/svg\" aria-hidden=\"true\" focusable=\"false\"><path d=\"M12 2C6.5 2 2 6.5 2 12c0 5 3.7 9.1 8.4 9.9v-7H7.9V12h2.5V9.8c0-2.5 1.5-3.9 3.8-3.9 1.1 0 2.2.2 2.2.2v2.5h-1.3c-1.2 0-1.6.8-1.6 1.6V12h2.8l-.4 2.9h-2.3v7C18.3 21.1 22 17 22 12c0-5.5-4.5-10-10-10z\"><\/path><\/svg><span class=\"wp-block-social-link-label\">Facebook<\/span><\/a><\/li><\/ul>\n<\/div>\n<\/div>\n\n<\/div>\n\n\n<div class=\"wp-block-group is-layout-constrained wp-block-group-is-layout-constrained\">\n<div class=\"wp-block-group alignwide is-layout-flow wp-block-group-is-layout-flow\">\n<div class=\"wp-block-group is-style-right-underline is-layout-constrained wp-container-core-group-is-layout-2598aa18 wp-block-group-is-layout-constrained\" style=\"padding-left:5vw\">\n<h4 class=\"wp-block-heading has-white-color has-text-color\" style=\"font-style:normal;font-weight:500\">Featured event<\/h4>\n\n\n\n<figure class=\"wp-block-image size-large\"><img loading=\"lazy\" decoding=\"async\" width=\"172\" height=\"27\" src=\"https:\/\/theholdup.org\/wp-content\/uploads\/2023\/09\/Layer_1-10.svg\" alt=\"\" class=\"wp-image-753\"\/><\/figure>\n<\/div>\n<\/div>\n\n\n\n<div style=\"height:3rem\" aria-hidden=\"true\" class=\"wp-block-spacer\"><\/div>\n<\/div>\n\n\n\n\n<\/div>\n<\/div>\n\n\n\n<div class=\"wp-block-group alignfull is-layout-constrained wp-block-group-is-layout-constrained\" id=\"gallery\">\n<div class=\"wp-block-group is-style-horizontal-padding is-layout-constrained wp-block-group-is-layout-constrained\">\n<h3 class=\"wp-block-heading is-style-has-underline\">THU YN Y BYD GWIRIONEDDOL<\/h3>\n\n\n\n<figure class=\"wp-block-image size-large is-resized\"><img loading=\"lazy\" decoding=\"async\" width=\"290\" height=\"39\" src=\"https:\/\/theholdup.org\/wp-content\/uploads\/2023\/09\/Vector-13.svg\" alt=\"\" class=\"wp-image-443\" style=\"width:170px;height:undefinedpx\"\/><\/figure>\n\n\n\n<p style=\"padding-right:40%\">Archwiliwch ein horiel a chael cipolwg ar y profiadau cymunedol bywiog sy'n ffynnu gyda The Hold Up<\/p>\n\n\n\n<div style=\"height:5rem\" aria-hidden=\"true\" class=\"wp-block-spacer\"><\/div>\n<\/div>\n\n\n\n<div class=\"wp-block-query alignwide gallery-query is-layout-flow wp-block-query-is-layout-flow\"><ul class=\"columns-2 wp-block-post-template is-layout-grid wp-container-core-post-template-is-layout-17361a50 wp-block-post-template-is-layout-grid\"><li class=\"wp-block-post post-2683 gallery type-gallery status-publish has-post-thumbnail hentry\">\n<figure class=\"wp-block-post-featured-image\"><img loading=\"lazy\" decoding=\"async\" width=\"2560\" height=\"1707\" src=\"https:\/\/theholdup.org\/wp-content\/uploads\/2023\/10\/Young-MC-Lyric-Writing-Workshops-THU-scaled.jpg\" class=\"attachment-post-thumbnail size-post-thumbnail wp-post-image\" alt=\"\" style=\"object-fit:cover;\" srcset=\"https:\/\/theholdup.org\/wp-content\/uploads\/2023\/10\/Young-MC-Lyric-Writing-Workshops-THU-scaled.jpg 2560w, https:\/\/theholdup.org\/wp-content\/uploads\/2023\/10\/Young-MC-Lyric-Writing-Workshops-THU-300x200.jpg 300w, https:\/\/theholdup.org\/wp-content\/uploads\/2023\/10\/Young-MC-Lyric-Writing-Workshops-THU-1024x683.jpg 1024w, https:\/\/theholdup.org\/wp-content\/uploads\/2023\/10\/Young-MC-Lyric-Writing-Workshops-THU-768x512.jpg 768w, https:\/\/theholdup.org\/wp-content\/uploads\/2023\/10\/Young-MC-Lyric-Writing-Workshops-THU-1536x1024.jpg 1536w, https:\/\/theholdup.org\/wp-content\/uploads\/2023\/10\/Young-MC-Lyric-Writing-Workshops-THU-2048x1365.jpg 2048w\" sizes=\"auto, (max-width: 2560px) 100vw, 2560px\" \/><\/figure>\n\n<h6 class=\"wp-block-post-title\">Gweithdai Ysgrifennu Telyneg MC Ifanc THU, Machynlleth<\/h6>\n<\/li><li class=\"wp-block-post post-2681 gallery type-gallery status-publish has-post-thumbnail hentry\">\n<figure class=\"wp-block-post-featured-image\"><img loading=\"lazy\" decoding=\"async\" width=\"2560\" height=\"1707\" src=\"https:\/\/theholdup.org\/wp-content\/uploads\/2023\/10\/Videography-Workshops-THU-scaled.jpg\" class=\"attachment-post-thumbnail size-post-thumbnail wp-post-image\" alt=\"\" style=\"object-fit:cover;\" srcset=\"https:\/\/theholdup.org\/wp-content\/uploads\/2023\/10\/Videography-Workshops-THU-scaled.jpg 2560w, https:\/\/theholdup.org\/wp-content\/uploads\/2023\/10\/Videography-Workshops-THU-300x200.jpg 300w, https:\/\/theholdup.org\/wp-content\/uploads\/2023\/10\/Videography-Workshops-THU-1024x683.jpg 1024w, https:\/\/theholdup.org\/wp-content\/uploads\/2023\/10\/Videography-Workshops-THU-768x512.jpg 768w, https:\/\/theholdup.org\/wp-content\/uploads\/2023\/10\/Videography-Workshops-THU-1536x1024.jpg 1536w, https:\/\/theholdup.org\/wp-content\/uploads\/2023\/10\/Videography-Workshops-THU-2048x1365.jpg 2048w\" sizes=\"auto, (max-width: 2560px) 100vw, 2560px\" \/><\/figure>\n\n<h6 class=\"wp-block-post-title\">Gweithdai Fideograffeg THU, Machynlleth<\/h6>\n<\/li><li class=\"wp-block-post post-2679 gallery type-gallery status-publish has-post-thumbnail hentry\">\n<figure class=\"wp-block-post-featured-image\"><img loading=\"lazy\" decoding=\"async\" width=\"2560\" height=\"1440\" src=\"https:\/\/theholdup.org\/wp-content\/uploads\/2023\/10\/Slider-DJ-Workshops-THU.png\" class=\"attachment-post-thumbnail size-post-thumbnail wp-post-image\" alt=\"\" style=\"object-fit:cover;\" srcset=\"https:\/\/theholdup.org\/wp-content\/uploads\/2023\/10\/Slider-DJ-Workshops-THU.png 2560w, https:\/\/theholdup.org\/wp-content\/uploads\/2023\/10\/Slider-DJ-Workshops-THU-300x169.png 300w, https:\/\/theholdup.org\/wp-content\/uploads\/2023\/10\/Slider-DJ-Workshops-THU-1024x576.png 1024w, https:\/\/theholdup.org\/wp-content\/uploads\/2023\/10\/Slider-DJ-Workshops-THU-768x432.png 768w, https:\/\/theholdup.org\/wp-content\/uploads\/2023\/10\/Slider-DJ-Workshops-THU-1536x864.png 1536w, https:\/\/theholdup.org\/wp-content\/uploads\/2023\/10\/Slider-DJ-Workshops-THU-2048x1152.png 2048w\" sizes=\"auto, (max-width: 2560px) 100vw, 2560px\" \/><\/figure>\n\n<h6 class=\"wp-block-post-title\">Perfformiad \u00d4l Gweithdy o THU, Machynlleth<\/h6>\n<\/li><li class=\"wp-block-post post-2675 gallery type-gallery status-publish has-post-thumbnail hentry\">\n<figure class=\"wp-block-post-featured-image\"><img loading=\"lazy\" decoding=\"async\" width=\"2560\" height=\"1707\" src=\"https:\/\/theholdup.org\/wp-content\/uploads\/2023\/10\/Slider-DJ-Workshops-THU-Ennyn-7-scaled.jpg\" class=\"attachment-post-thumbnail size-post-thumbnail wp-post-image\" alt=\"\" style=\"object-fit:cover;\" srcset=\"https:\/\/theholdup.org\/wp-content\/uploads\/2023\/10\/Slider-DJ-Workshops-THU-Ennyn-7-scaled.jpg 2560w, https:\/\/theholdup.org\/wp-content\/uploads\/2023\/10\/Slider-DJ-Workshops-THU-Ennyn-7-300x200.jpg 300w, https:\/\/theholdup.org\/wp-content\/uploads\/2023\/10\/Slider-DJ-Workshops-THU-Ennyn-7-1024x683.jpg 1024w, https:\/\/theholdup.org\/wp-content\/uploads\/2023\/10\/Slider-DJ-Workshops-THU-Ennyn-7-768x512.jpg 768w, https:\/\/theholdup.org\/wp-content\/uploads\/2023\/10\/Slider-DJ-Workshops-THU-Ennyn-7-1536x1024.jpg 1536w, https:\/\/theholdup.org\/wp-content\/uploads\/2023\/10\/Slider-DJ-Workshops-THU-Ennyn-7-2048x1365.jpg 2048w\" sizes=\"auto, (max-width: 2560px) 100vw, 2560px\" \/><\/figure>\n\n<h6 class=\"wp-block-post-title\">Gweithdai THU DJ gyda ScratchMaster Slider, Machynlleth<\/h6>\n<\/li><li class=\"wp-block-post post-2673 gallery type-gallery status-publish has-post-thumbnail hentry\">\n<figure class=\"wp-block-post-featured-image\"><img loading=\"lazy\" decoding=\"async\" width=\"2560\" height=\"1707\" src=\"https:\/\/theholdup.org\/wp-content\/uploads\/2023\/10\/Slider-DJ-Workshops-THU-Ennyn-2-scaled.jpg\" class=\"attachment-post-thumbnail size-post-thumbnail wp-post-image\" alt=\"\" style=\"object-fit:cover;\" srcset=\"https:\/\/theholdup.org\/wp-content\/uploads\/2023\/10\/Slider-DJ-Workshops-THU-Ennyn-2-scaled.jpg 2560w, https:\/\/theholdup.org\/wp-content\/uploads\/2023\/10\/Slider-DJ-Workshops-THU-Ennyn-2-300x200.jpg 300w, https:\/\/theholdup.org\/wp-content\/uploads\/2023\/10\/Slider-DJ-Workshops-THU-Ennyn-2-1024x683.jpg 1024w, https:\/\/theholdup.org\/wp-content\/uploads\/2023\/10\/Slider-DJ-Workshops-THU-Ennyn-2-768x512.jpg 768w, https:\/\/theholdup.org\/wp-content\/uploads\/2023\/10\/Slider-DJ-Workshops-THU-Ennyn-2-1536x1024.jpg 1536w, https:\/\/theholdup.org\/wp-content\/uploads\/2023\/10\/Slider-DJ-Workshops-THU-Ennyn-2-2048x1365.jpg 2048w\" sizes=\"auto, (max-width: 2560px) 100vw, 2560px\" \/><\/figure>\n\n<h6 class=\"wp-block-post-title\">Gweithdai THU DJ gyda Slider, Machynlleth<\/h6>\n<\/li><li class=\"wp-block-post post-2671 gallery type-gallery status-publish has-post-thumbnail hentry\">\n<figure class=\"wp-block-post-featured-image\"><img loading=\"lazy\" decoding=\"async\" width=\"2560\" height=\"1707\" src=\"https:\/\/theholdup.org\/wp-content\/uploads\/2023\/10\/Slide-DJ-Workshops-THU-Ennyn-scaled.jpg\" class=\"attachment-post-thumbnail size-post-thumbnail wp-post-image\" alt=\"\" style=\"object-fit:cover;\" srcset=\"https:\/\/theholdup.org\/wp-content\/uploads\/2023\/10\/Slide-DJ-Workshops-THU-Ennyn-scaled.jpg 2560w, https:\/\/theholdup.org\/wp-content\/uploads\/2023\/10\/Slide-DJ-Workshops-THU-Ennyn-300x200.jpg 300w, https:\/\/theholdup.org\/wp-content\/uploads\/2023\/10\/Slide-DJ-Workshops-THU-Ennyn-1024x683.jpg 1024w, https:\/\/theholdup.org\/wp-content\/uploads\/2023\/10\/Slide-DJ-Workshops-THU-Ennyn-768x512.jpg 768w, https:\/\/theholdup.org\/wp-content\/uploads\/2023\/10\/Slide-DJ-Workshops-THU-Ennyn-1536x1024.jpg 1536w, https:\/\/theholdup.org\/wp-content\/uploads\/2023\/10\/Slide-DJ-Workshops-THU-Ennyn-2048x1365.jpg 2048w\" sizes=\"auto, (max-width: 2560px) 100vw, 2560px\" \/><\/figure>\n\n<h6 class=\"wp-block-post-title\">Gweithdai THU DJ, Machynlleth<\/h6>\n<\/li><\/ul>\n\n\n<div class=\"wp-block-group pagination-wrapper is-layout-constrained wp-block-group-is-layout-constrained\"><nav class=\"wp-block-query-pagination is-layout-flex wp-block-query-pagination-is-layout-flex\" aria-label=\"Tudaleniad\">\n<a href=\"\/cy\/wp-json\/wp\/v2\/pages\/299?query-1-page=2\" class=\"load-more-button wp-block-query-pagination-next\">Llwytho Mwy<\/a>\n<\/nav><\/div>\n\n\n<\/div>\n<\/div>","protected":false},"excerpt":{"rendered":"<p>Events We believe in the power of Hip-Hop to bring people together. From open-mic cyphers and graffiti jams to live gigs and festival performances, our events are infused with the [&hellip;]<\/p>\n","protected":false},"author":107,"featured_media":0,"parent":0,"menu_order":0,"comment_status":"closed","ping_status":"closed","template":"","meta":{"_acf_changed":false,"_coblocks_attr":"","_coblocks_dimensions":"","_coblocks_responsive_height":"","_coblocks_accordion_ie_support":"","footnotes":""},"class_list":["post-299","page","type-page","status-publish","hentry"],"acf":[],"_links":{"self":[{"href":"https:\/\/theholdup.org\/cy\/wp-json\/wp\/v2\/pages\/299","targetHints":{"allow":["GET"]}}],"collection":[{"href":"https:\/\/theholdup.org\/cy\/wp-json\/wp\/v2\/pages"}],"about":[{"href":"https:\/\/theholdup.org\/cy\/wp-json\/wp\/v2\/types\/page"}],"author":[{"embeddable":true,"href":"https:\/\/theholdup.org\/cy\/wp-json\/wp\/v2\/users\/107"}],"replies":[{"embeddable":true,"href":"https:\/\/theholdup.org\/cy\/wp-json\/wp\/v2\/comments?post=299"}],"version-history":[{"count":39,"href":"https:\/\/theholdup.org\/cy\/wp-json\/wp\/v2\/pages\/299\/revisions"}],"predecessor-version":[{"id":2865,"href":"https:\/\/theholdup.org\/cy\/wp-json\/wp\/v2\/pages\/299\/revisions\/2865"}],"wp:attachment":[{"href":"https:\/\/theholdup.org\/cy\/wp-json\/wp\/v2\/media?parent=299"}],"curies":[{"name":"wp","href":"https:\/\/api.w.org\/{rel}","templated":true}]}}